{"id":10072,"date":"2025-02-23T14:51:32","date_gmt":"2025-02-23T13:51:32","guid":{"rendered":"https:\/\/legrenierdelatour.be\/brocante\/?post_type=product&#038;p=10072"},"modified":"2025-02-23T14:51:33","modified_gmt":"2025-02-23T13:51:33","slug":"boite-a-bijou-pour-montre-a-gousset-19e-siecle","status":"publish","type":"product","link":"https:\/\/legrenierdelatour.be\/brocante\/produit\/boite-a-bijou-pour-montre-a-gousset-19e-siecle\/","title":{"rendered":"bo\u00eete \u00e0 bijou pour montre \u00e0 gousset, 19\u00e8 si\u00e8cle"},"content":{"rendered":"<div>Petit pr\u00e9sentoir bo\u00eete-vitrine (7,5 cm de haut, 6 cm de c\u00f4t\u00e9) pour montre \u00e0 gousset du 19\u00e8 si\u00e8cle, joliment travaill\u00e9e, avec vitre \u00e9paisse biseaut\u00e9e. L\u2019int\u00e9rieur est capitonn\u00e9 de tissu turquoise. Les pieds sont de style baroque et les d\u00e9corations sont en laiton.<\/div>\n<div>R\u00e9f 40.15<\/div>\n","protected":false},"excerpt":{"rendered":"<p>Petit pr\u00e9sentoir bo\u00eete-vitrine (7,5 cm de haut, 6 cm de c\u00f4t\u00e9) pour montre \u00e0 gousset du 19\u00e8 si\u00e8cle, joliment travaill\u00e9e, avec vitre \u00e9paisse biseaut\u00e9e. L\u2019int\u00e9rieur est capitonn\u00e9 de tissu turquoise. Les pieds sont de style baroque et les d\u00e9corations sont en laiton. R\u00e9f 40.15<\/p>\n","protected":false},"featured_media":10068,"comment_status":"open","ping_status":"closed","template":"","meta":{"neve_meta_sidebar":"","neve_meta_container":"","neve_meta_enable_content_width":"off","neve_meta_content_width":100,"neve_meta_title_alignment":"","neve_meta_author_avatar":"","neve_post_elements_order":"","neve_meta_disable_header":"","neve_meta_disable_footer":"","neve_meta_disable_title":""},"product_brand":[],"product_cat":[70,186],"product_tag":[],"class_list":{"0":"post-10072","1":"product","2":"type-product","3":"status-publish","4":"has-post-thumbnail","6":"product_cat-bijou","7":"product_cat-laiton","9":"first","10":"instock","11":"shipping-taxable","12":"purchasable","13":"product-type-simple"},"_links":{"self":[{"href":"https:\/\/legrenierdelatour.be\/brocante\/wp-json\/wp\/v2\/product\/10072","targetHints":{"allow":["GET"]}}],"collection":[{"href":"https:\/\/legrenierdelatour.be\/brocante\/wp-json\/wp\/v2\/product"}],"about":[{"href":"https:\/\/legrenierdelatour.be\/brocante\/wp-json\/wp\/v2\/types\/product"}],"replies":[{"embeddable":true,"href":"https:\/\/legrenierdelatour.be\/brocante\/wp-json\/wp\/v2\/comments?post=10072"}],"wp:featuredmedia":[{"embeddable":true,"href":"https:\/\/legrenierdelatour.be\/brocante\/wp-json\/wp\/v2\/media\/10068"}],"wp:attachment":[{"href":"https:\/\/legrenierdelatour.be\/brocante\/wp-json\/wp\/v2\/media?parent=10072"}],"wp:term":[{"taxonomy":"product_brand","embeddable":true,"href":"https:\/\/legrenierdelatour.be\/brocante\/wp-json\/wp\/v2\/product_brand?post=10072"},{"taxonomy":"product_cat","embeddable":true,"href":"https:\/\/legrenierdelatour.be\/brocante\/wp-json\/wp\/v2\/product_cat?post=10072"},{"taxonomy":"product_tag","embeddable":true,"href":"https:\/\/legrenierdelatour.be\/brocante\/wp-json\/wp\/v2\/product_tag?post=10072"}],"curies":[{"name":"wp","href":"https:\/\/api.w.org\/{rel}","templated":true}]}}