{"id":10066,"date":"2025-02-23T14:36:00","date_gmt":"2025-02-23T13:36:00","guid":{"rendered":"https:\/\/legrenierdelatour.be\/brocante\/?post_type=product&#038;p=10066"},"modified":"2025-02-23T14:36:00","modified_gmt":"2025-02-23T13:36:00","slug":"petit-communiant-debut-du-20e-siecle","status":"publish","type":"product","link":"https:\/\/legrenierdelatour.be\/brocante\/produit\/petit-communiant-debut-du-20e-siecle\/","title":{"rendered":"Petit communiant, D\u00e9but du 20\u00e8 si\u00e8cle"},"content":{"rendered":"<p>Petit communiant (7,5 cm de haut) en pl\u00e2tre, portant la marque en relief \u00ab\u00a0Purso (?) Made in Belgium\u00a0\u00bb . Il date de la premi\u00e8re moiti\u00e9 du 20\u00e8 si\u00e8cle.<\/p>\n<div>R\u00e9f 40.14<\/div>\n","protected":false},"excerpt":{"rendered":"<p>Petit communiant (7,5 cm de haut) en pl\u00e2tre, portant la marque en relief \u00ab\u00a0Purso (?) Made in Belgium\u00a0\u00bb . Il date de la premi\u00e8re moiti\u00e9 du 20\u00e8 si\u00e8cle. R\u00e9f 40.14<\/p>\n","protected":false},"featured_media":10067,"comment_status":"open","ping_status":"closed","template":"","meta":{"neve_meta_sidebar":"","neve_meta_container":"","neve_meta_enable_content_width":"off","neve_meta_content_width":100,"neve_meta_title_alignment":"","neve_meta_author_avatar":"","neve_post_elements_order":"","neve_meta_disable_header":"","neve_meta_disable_footer":"","neve_meta_disable_title":""},"product_brand":[],"product_cat":[34],"product_tag":[],"class_list":{"0":"post-10066","1":"product","2":"type-product","3":"status-publish","4":"has-post-thumbnail","6":"product_cat-religiosa","8":"first","9":"instock","10":"shipping-taxable","11":"purchasable","12":"product-type-simple"},"_links":{"self":[{"href":"https:\/\/legrenierdelatour.be\/brocante\/wp-json\/wp\/v2\/product\/10066","targetHints":{"allow":["GET"]}}],"collection":[{"href":"https:\/\/legrenierdelatour.be\/brocante\/wp-json\/wp\/v2\/product"}],"about":[{"href":"https:\/\/legrenierdelatour.be\/brocante\/wp-json\/wp\/v2\/types\/product"}],"replies":[{"embeddable":true,"href":"https:\/\/legrenierdelatour.be\/brocante\/wp-json\/wp\/v2\/comments?post=10066"}],"wp:featuredmedia":[{"embeddable":true,"href":"https:\/\/legrenierdelatour.be\/brocante\/wp-json\/wp\/v2\/media\/10067"}],"wp:attachment":[{"href":"https:\/\/legrenierdelatour.be\/brocante\/wp-json\/wp\/v2\/media?parent=10066"}],"wp:term":[{"taxonomy":"product_brand","embeddable":true,"href":"https:\/\/legrenierdelatour.be\/brocante\/wp-json\/wp\/v2\/product_brand?post=10066"},{"taxonomy":"product_cat","embeddable":true,"href":"https:\/\/legrenierdelatour.be\/brocante\/wp-json\/wp\/v2\/product_cat?post=10066"},{"taxonomy":"product_tag","embeddable":true,"href":"https:\/\/legrenierdelatour.be\/brocante\/wp-json\/wp\/v2\/product_tag?post=10066"}],"curies":[{"name":"wp","href":"https:\/\/api.w.org\/{rel}","templated":true}]}}