{"id":10059,"date":"2025-02-23T13:58:46","date_gmt":"2025-02-23T12:58:46","guid":{"rendered":"https:\/\/legrenierdelatour.be\/brocante\/?post_type=product&#038;p=10059"},"modified":"2025-02-23T13:58:47","modified_gmt":"2025-02-23T12:58:47","slug":"cache-pot-boch-freres-la-louviere-decor-307","status":"publish","type":"product","link":"https:\/\/legrenierdelatour.be\/brocante\/produit\/cache-pot-boch-freres-la-louviere-decor-307\/","title":{"rendered":"Cache-pot Boch Fr\u00e8res La Louvi\u00e8re, d\u00e9cor 307"},"content":{"rendered":"<p>Grand cache-pot (20 cm de haut, 21 cm de diam\u00e8tre) en faience, portant un d\u00e9cor s\u00e9rigraphie d\u2019un chalet enneig\u00e9 d\u2019un c\u00f4t\u00e9 et d\u2019une fleur stylis\u00e9e de l\u2019autre. Il a \u00e9t\u00e9 produit par Boch Fr\u00e8res La Louvi\u00e8re, comme l\u2019atteste le cachet dessous. Il porte \u00e9galement le num\u00e9ro 307 qui est le num\u00e9ro de d\u00e9cor.<\/p>\n<div>R\u00e9f 40.11<\/div>\n","protected":false},"excerpt":{"rendered":"<p>Grand cache-pot (20 cm de haut, 21 cm de diam\u00e8tre) en faience, portant un d\u00e9cor s\u00e9rigraphie d\u2019un chalet enneig\u00e9 d\u2019un c\u00f4t\u00e9 et d\u2019une fleur stylis\u00e9e de l\u2019autre. Il a \u00e9t\u00e9 produit par Boch Fr\u00e8res La Louvi\u00e8re, comme l\u2019atteste le cachet dessous. Il porte \u00e9galement le num\u00e9ro 307 qui est le num\u00e9ro de d\u00e9cor. R\u00e9f 40.11<\/p>\n","protected":false},"featured_media":10061,"comment_status":"open","ping_status":"closed","template":"","meta":{"neve_meta_sidebar":"","neve_meta_container":"","neve_meta_enable_content_width":"off","neve_meta_content_width":100,"neve_meta_title_alignment":"","neve_meta_author_avatar":"","neve_post_elements_order":"","neve_meta_disable_header":"","neve_meta_disable_footer":"","neve_meta_disable_title":""},"product_brand":[],"product_cat":[37,175,16],"product_tag":[],"class_list":{"0":"post-10059","1":"product","2":"type-product","3":"status-publish","4":"has-post-thumbnail","6":"product_cat-belgique","7":"product_cat-boch","8":"product_cat-ceramique","10":"first","11":"instock","12":"shipping-taxable","13":"purchasable","14":"product-type-simple"},"_links":{"self":[{"href":"https:\/\/legrenierdelatour.be\/brocante\/wp-json\/wp\/v2\/product\/10059","targetHints":{"allow":["GET"]}}],"collection":[{"href":"https:\/\/legrenierdelatour.be\/brocante\/wp-json\/wp\/v2\/product"}],"about":[{"href":"https:\/\/legrenierdelatour.be\/brocante\/wp-json\/wp\/v2\/types\/product"}],"replies":[{"embeddable":true,"href":"https:\/\/legrenierdelatour.be\/brocante\/wp-json\/wp\/v2\/comments?post=10059"}],"wp:featuredmedia":[{"embeddable":true,"href":"https:\/\/legrenierdelatour.be\/brocante\/wp-json\/wp\/v2\/media\/10061"}],"wp:attachment":[{"href":"https:\/\/legrenierdelatour.be\/brocante\/wp-json\/wp\/v2\/media?parent=10059"}],"wp:term":[{"taxonomy":"product_brand","embeddable":true,"href":"https:\/\/legrenierdelatour.be\/brocante\/wp-json\/wp\/v2\/product_brand?post=10059"},{"taxonomy":"product_cat","embeddable":true,"href":"https:\/\/legrenierdelatour.be\/brocante\/wp-json\/wp\/v2\/product_cat?post=10059"},{"taxonomy":"product_tag","embeddable":true,"href":"https:\/\/legrenierdelatour.be\/brocante\/wp-json\/wp\/v2\/product_tag?post=10059"}],"curies":[{"name":"wp","href":"https:\/\/api.w.org\/{rel}","templated":true}]}}