{"id":10031,"date":"2025-02-16T17:17:38","date_gmt":"2025-02-16T16:17:38","guid":{"rendered":"https:\/\/legrenierdelatour.be\/brocante\/?post_type=product&#038;p=10031"},"modified":"2025-02-16T17:17:39","modified_gmt":"2025-02-16T16:17:39","slug":"assiette-au-velo-barbotine-de-wasmuel-1900","status":"publish","type":"product","link":"https:\/\/legrenierdelatour.be\/brocante\/produit\/assiette-au-velo-barbotine-de-wasmuel-1900\/","title":{"rendered":"Assiette au v\u00e9lo, barbotine de Wasmu\u00ebl, 1900"},"content":{"rendered":"<p>Assiette (19 cm de diam\u00e8tre) avec une repr\u00e9sentation de v\u00e9lo,\u00a0issue de la fa\u00efencerie de Wasmu\u00ebl (1834-1952). Cette assiette date de plus ou moins 1900.<\/p>\n<div>\n<div>R\u00e9f 39.98<\/div>\n<\/div>\n","protected":false},"excerpt":{"rendered":"<p>Assiette (19 cm de diam\u00e8tre) avec une repr\u00e9sentation de v\u00e9lo,\u00a0issue de la fa\u00efencerie de Wasmu\u00ebl (1834-1952). Cette assiette date de plus ou moins 1900. R\u00e9f 39.98<\/p>\n","protected":false},"featured_media":10032,"comment_status":"open","ping_status":"closed","template":"","meta":{"neve_meta_sidebar":"","neve_meta_container":"","neve_meta_enable_content_width":"off","neve_meta_content_width":100,"neve_meta_title_alignment":"","neve_meta_author_avatar":"","neve_post_elements_order":"","neve_meta_disable_header":"","neve_meta_disable_footer":"","neve_meta_disable_title":""},"product_brand":[],"product_cat":[37,16,178],"product_tag":[],"class_list":{"0":"post-10031","1":"product","2":"type-product","3":"status-publish","4":"has-post-thumbnail","6":"product_cat-belgique","7":"product_cat-ceramique","8":"product_cat-waesmuel","10":"first","11":"instock","12":"shipping-taxable","13":"purchasable","14":"product-type-simple"},"_links":{"self":[{"href":"https:\/\/legrenierdelatour.be\/brocante\/wp-json\/wp\/v2\/product\/10031","targetHints":{"allow":["GET"]}}],"collection":[{"href":"https:\/\/legrenierdelatour.be\/brocante\/wp-json\/wp\/v2\/product"}],"about":[{"href":"https:\/\/legrenierdelatour.be\/brocante\/wp-json\/wp\/v2\/types\/product"}],"replies":[{"embeddable":true,"href":"https:\/\/legrenierdelatour.be\/brocante\/wp-json\/wp\/v2\/comments?post=10031"}],"wp:featuredmedia":[{"embeddable":true,"href":"https:\/\/legrenierdelatour.be\/brocante\/wp-json\/wp\/v2\/media\/10032"}],"wp:attachment":[{"href":"https:\/\/legrenierdelatour.be\/brocante\/wp-json\/wp\/v2\/media?parent=10031"}],"wp:term":[{"taxonomy":"product_brand","embeddable":true,"href":"https:\/\/legrenierdelatour.be\/brocante\/wp-json\/wp\/v2\/product_brand?post=10031"},{"taxonomy":"product_cat","embeddable":true,"href":"https:\/\/legrenierdelatour.be\/brocante\/wp-json\/wp\/v2\/product_cat?post=10031"},{"taxonomy":"product_tag","embeddable":true,"href":"https:\/\/legrenierdelatour.be\/brocante\/wp-json\/wp\/v2\/product_tag?post=10031"}],"curies":[{"name":"wp","href":"https:\/\/api.w.org\/{rel}","templated":true}]}}