{"id":10015,"date":"2025-02-15T18:04:04","date_gmt":"2025-02-15T17:04:04","guid":{"rendered":"https:\/\/legrenierdelatour.be\/brocante\/?post_type=product&#038;p=10015"},"modified":"2025-02-15T18:04:05","modified_gmt":"2025-02-15T17:04:05","slug":"pot-a-tabac-en-faience-arlon","status":"publish","type":"product","link":"https:\/\/legrenierdelatour.be\/brocante\/produit\/pot-a-tabac-en-faience-arlon\/","title":{"rendered":"Pot \u00e0 tabac en fa\u00efence, Arlon"},"content":{"rendered":"<p>Pot \u00e0 tabac en fa\u00efence (20 cm de haut, couvercle compris) en fa\u00efence verniss\u00e9e, datant sans doute des ann\u00e9es 1930. Il ne porte pas de marque visible. Il porte la gravure \u00ab\u00a0Arlon\u00a0\u00bb sur la panse et un d\u00e9cor de pipes crois\u00e9es. Il est en parfait \u00e9tat.<\/p>\n<div>R\u00e9f 39.93<\/div>\n","protected":false},"excerpt":{"rendered":"<p>Pot \u00e0 tabac en fa\u00efence (20 cm de haut, couvercle compris) en fa\u00efence verniss\u00e9e, datant sans doute des ann\u00e9es 1930. Il ne porte pas de marque visible. Il porte la gravure \u00ab\u00a0Arlon\u00a0\u00bb sur la panse et un d\u00e9cor de pipes crois\u00e9es. Il est en parfait \u00e9tat. R\u00e9f 39.93<\/p>\n","protected":false},"featured_media":10004,"comment_status":"open","ping_status":"closed","template":"","meta":{"neve_meta_sidebar":"","neve_meta_container":"","neve_meta_enable_content_width":"off","neve_meta_content_width":100,"neve_meta_title_alignment":"","neve_meta_author_avatar":"","neve_post_elements_order":"","neve_meta_disable_header":"","neve_meta_disable_footer":"","neve_meta_disable_title":""},"product_brand":[],"product_cat":[37,183,16,31],"product_tag":[],"class_list":{"0":"post-10015","1":"product","2":"type-product","3":"status-publish","4":"has-post-thumbnail","6":"product_cat-belgique","7":"product_cat-bureau-et-fumoir","8":"product_cat-ceramique","9":"product_cat-pays-darlon","11":"first","12":"instock","13":"shipping-taxable","14":"purchasable","15":"product-type-simple"},"_links":{"self":[{"href":"https:\/\/legrenierdelatour.be\/brocante\/wp-json\/wp\/v2\/product\/10015","targetHints":{"allow":["GET"]}}],"collection":[{"href":"https:\/\/legrenierdelatour.be\/brocante\/wp-json\/wp\/v2\/product"}],"about":[{"href":"https:\/\/legrenierdelatour.be\/brocante\/wp-json\/wp\/v2\/types\/product"}],"replies":[{"embeddable":true,"href":"https:\/\/legrenierdelatour.be\/brocante\/wp-json\/wp\/v2\/comments?post=10015"}],"wp:featuredmedia":[{"embeddable":true,"href":"https:\/\/legrenierdelatour.be\/brocante\/wp-json\/wp\/v2\/media\/10004"}],"wp:attachment":[{"href":"https:\/\/legrenierdelatour.be\/brocante\/wp-json\/wp\/v2\/media?parent=10015"}],"wp:term":[{"taxonomy":"product_brand","embeddable":true,"href":"https:\/\/legrenierdelatour.be\/brocante\/wp-json\/wp\/v2\/product_brand?post=10015"},{"taxonomy":"product_cat","embeddable":true,"href":"https:\/\/legrenierdelatour.be\/brocante\/wp-json\/wp\/v2\/product_cat?post=10015"},{"taxonomy":"product_tag","embeddable":true,"href":"https:\/\/legrenierdelatour.be\/brocante\/wp-json\/wp\/v2\/product_tag?post=10015"}],"curies":[{"name":"wp","href":"https:\/\/api.w.org\/{rel}","templated":true}]}}